{"id":10569,"date":"2019-12-11T03:03:56","date_gmt":"2019-12-11T03:03:56","guid":{"rendered":"http:\/\/sangregoriospa.com\/?page_id=10569"},"modified":"2025-03-01T19:40:39","modified_gmt":"2025-03-01T19:40:39","slug":"spa","status":"publish","type":"page","link":"https:\/\/sangregoriospa.com\/index.php\/spa\/","title":{"rendered":"Spa"},"content":{"rendered":"<section class=\"wpb-content-wrapper\"><p>[vc_row css=&#8221;.vc_custom_1465811346158{margin-bottom: 80px !important;}&#8221;][vc_column width=&#8221;1\/6&#8243;][\/vc_column][vc_column width=&#8221;2\/3&#8243;][vc_custom_heading text=&#8221;San Gregorio Hotel &amp; Spa es un lugar de retiro y cuidado personal&#8221; font_container=&#8221;tag:h4|font_size:18px|text_align:center|color:%23040836|line_height:28px&#8221; google_fonts=&#8221;font_family:Playfair%20Display%3Aregular%2Citalic%2C700%2C700italic%2C900%2C900italic|font_style:400%20italic%3A400%3Aitalic&#8221; css=&#8221;.vc_custom_1608172194719{margin-bottom: 20px !important;}&#8221;][vc_column_text]<\/p>\n<p style=\"text-align: center;\">Utilizando t\u00e9cnicas de hidroterapia, masajes y gastronom\u00eda saludable, logramos una atm\u00f3sfera aut\u00e9nticamente relajante que invita a redescubrir la paz interior que se ha relegado con el estr\u00e9s cotidiano.<\/p>\n<p style=\"text-align: center;\">Somos el lugar ideal para deshacerse de las presiones diarias, ya que en un tranquilo entorno natural, ofrecemos tratamientos corporales, sal\u00f3n de belleza y saunas separados para damas y caballeros.<\/p>\n<p>[\/vc_column_text][\/vc_column][vc_column width=&#8221;1\/6&#8243;][\/vc_column][\/vc_row][vc_row css=&#8221;.vc_custom_1465811319397{margin-bottom: 30px !important;}&#8221;][vc_column width=&#8221;1\/4&#8243;][vc_single_image image=&#8221;11185&#8243; img_size=&#8221;full&#8221; onclick=&#8221;link_image&#8221;][\/vc_column][vc_column width=&#8221;1\/4&#8243;][vc_single_image image=&#8221;11186&#8243; img_size=&#8221;full&#8221; onclick=&#8221;link_image&#8221;][\/vc_column][vc_column width=&#8221;1\/4&#8243;][vc_single_image image=&#8221;11187&#8243; img_size=&#8221;1200&#215;800&#8243; onclick=&#8221;link_image&#8221;][\/vc_column][vc_column width=&#8221;1\/4&#8243;][vc_single_image image=&#8221;11188&#8243; img_size=&#8221;1200&#215;800&#8243; onclick=&#8221;link_image&#8221;][\/vc_column][\/vc_row][vc_row css=&#8221;.vc_custom_1473044152892{padding-top: 80px !important;padding-bottom: 50px !important;background-color: #f8f8f8 !important;}&#8221;][vc_column][vc_row_inner][vc_column_inner][pbr_title_heading title=&#8221;Servicios Spa&#8221; text_align=&#8221;text-center&#8221;][\/vc_column_inner][\/vc_row_inner][vc_row_inner css=&#8221;.vc_custom_1473126188002{margin-bottom: 30px !important;}&#8221;][vc_column_inner width=&#8221;1\/3&#8243; css=&#8221;.vc_custom_1473044485158{padding-top: 30px !important;padding-right: 30px !important;padding-bottom: 15px !important;background-color: #ffffff !important;}&#8221;][vc_cta h2=&#8221;Promueve la relajaci\u00f3n, circulaci\u00f3n y bienestar, sirviendo adem\u00e1s para aliviar la tensi\u00f3n muscular. (50 minutos \/ 30 minutos)&#8221; h2_font_container=&#8221;font_size:16px|color:%23666666|line_height:30px&#8221; h2_google_fonts=&#8221;font_family:Lato%3A100%2C100italic%2C300%2C300italic%2Cregular%2Citalic%2C700%2C700italic%2C900%2C900italic|font_style:400%20regular%3A400%3Anormal&#8221; h4=&#8221;Masaje Relajante&#8221; h4_font_container=&#8221;font_size:18px|color:%23000000|line_height:20px&#8221; h4_google_fonts=&#8221;font_family:Playfair%20Display%3Aregular%2Citalic%2C700%2C700italic%2C900%2C900italic|font_style:700%20bold%20regular%3A700%3Anormal&#8221; shape=&#8221;square&#8221; style=&#8221;custom&#8221; add_icon=&#8221;left&#8221; i_icon_fontawesome=&#8221;fa fa-check-circle-o&#8221; i_color=&#8221;custom&#8221; use_custom_fonts_h2=&#8221;true&#8221; use_custom_fonts_h4=&#8221;true&#8221; i_on_border=&#8221;true&#8221; custom_background=&#8221;rgba(255,255,255,0.01)&#8221; i_custom_color=&#8221;#c29b73&#8243; css=&#8221;.vc_custom_1608172035200{background-color: #ffffff !important;}&#8221;][\/vc_cta][\/vc_column_inner][vc_column_inner width=&#8221;1\/3&#8243; css=&#8221;.vc_custom_1473044677520{padding-top: 30px !important;padding-right: 30px !important;padding-bottom: 15px !important;background-color: #ffffff !important;}&#8221;][vc_cta h2=&#8221;Es una combinaci\u00f3n del masaje relajante tradicional con la aplicaci\u00f3n sobre la piel de piedras a temperatura, para facilitar que fluya la energ\u00eda vital y aliviar as\u00ed trastornos f\u00edsicos y emocionales. (50 minutos).&#8221; h2_font_container=&#8221;font_size:16px|color:%23666666|line_height:30px&#8221; h2_google_fonts=&#8221;font_family:Lato%3A100%2C100italic%2C300%2C300italic%2Cregular%2Citalic%2C700%2C700italic%2C900%2C900italic|font_style:400%20regular%3A400%3Anormal&#8221; h4=&#8221;Masaje con Piedras Calientes&#8221; h4_font_container=&#8221;font_size:18px|color:%23000000|line_height:20px&#8221; h4_google_fonts=&#8221;font_family:Playfair%20Display%3Aregular%2Citalic%2C700%2C700italic%2C900%2C900italic|font_style:700%20bold%20regular%3A700%3Anormal&#8221; shape=&#8221;square&#8221; style=&#8221;custom&#8221; add_icon=&#8221;left&#8221; i_icon_fontawesome=&#8221;fa fa-check-circle-o&#8221; i_color=&#8221;custom&#8221; use_custom_fonts_h2=&#8221;true&#8221; use_custom_fonts_h4=&#8221;true&#8221; i_on_border=&#8221;true&#8221; custom_background=&#8221;rgba(255,255,255,0.01)&#8221; i_custom_color=&#8221;#c29b73&#8243;][\/vc_cta][\/vc_column_inner][vc_column_inner width=&#8221;1\/3&#8243; css=&#8221;.vc_custom_1473044981634{padding-top: 30px !important;padding-right: 30px !important;padding-bottom: 15px !important;background-color: #ffffff !important;}&#8221;][vc_cta h2=&#8221;Se inicia relajando el cuerpo, por medio de fricci\u00f3n, para hacer que el mismo entre en calor. Luego se realizan maniobras de las extremidades al coraz\u00f3n para hacer fluir la sangre y se renueve.&#8221; h2_font_container=&#8221;font_size:16px|color:%23666666|line_height:30px&#8221; h2_google_fonts=&#8221;font_family:Lato%3A100%2C100italic%2C300%2C300italic%2Cregular%2Citalic%2C700%2C700italic%2C900%2C900italic|font_style:400%20regular%3A400%3Anormal&#8221; h4=&#8221;Masaje Sueco&#8221; h4_font_container=&#8221;font_size:18px|color:%23000000|line_height:20px&#8221; h4_google_fonts=&#8221;font_family:Playfair%20Display%3Aregular%2Citalic%2C700%2C700italic%2C900%2C900italic|font_style:700%20bold%20regular%3A700%3Anormal&#8221; shape=&#8221;square&#8221; style=&#8221;custom&#8221; add_icon=&#8221;left&#8221; i_icon_fontawesome=&#8221;fa fa-check-circle-o&#8221; i_color=&#8221;custom&#8221; use_custom_fonts_h2=&#8221;true&#8221; use_custom_fonts_h4=&#8221;true&#8221; i_on_border=&#8221;true&#8221; custom_background=&#8221;rgba(255,255,255,0.01)&#8221; i_custom_color=&#8221;#c29b73&#8243;][\/vc_cta][\/vc_column_inner][\/vc_row_inner][vc_row_inner css=&#8221;.vc_custom_1473126188002{margin-bottom: 30px !important;}&#8221;][vc_column_inner width=&#8221;1\/3&#8243; css=&#8221;.vc_custom_1473044485158{padding-top: 30px !important;padding-right: 30px !important;padding-bottom: 15px !important;background-color: #ffffff !important;}&#8221;][vc_cta h2=&#8221;Ayuda alcanzar la puesta en forma \u00f3ptima, prevenir y evitar lesiones as\u00ed como acelerar la rehabilitaci\u00f3n de las mismas. (50 minutos)&#8221; h2_font_container=&#8221;font_size:16px|color:%23666666|line_height:30px&#8221; h2_google_fonts=&#8221;font_family:Lato%3A100%2C100italic%2C300%2C300italic%2Cregular%2Citalic%2C700%2C700italic%2C900%2C900italic|font_style:400%20regular%3A400%3Anormal&#8221; h4=&#8221;Masaje Deportivo&#8221; h4_font_container=&#8221;font_size:18px|color:%23000000|line_height:20px&#8221; h4_google_fonts=&#8221;font_family:Playfair%20Display%3Aregular%2Citalic%2C700%2C700italic%2C900%2C900italic|font_style:700%20bold%20regular%3A700%3Anormal&#8221; shape=&#8221;square&#8221; style=&#8221;custom&#8221; add_icon=&#8221;left&#8221; i_icon_fontawesome=&#8221;fa fa-check-circle-o&#8221; i_color=&#8221;custom&#8221; use_custom_fonts_h2=&#8221;true&#8221; use_custom_fonts_h4=&#8221;true&#8221; i_on_border=&#8221;true&#8221; custom_background=&#8221;rgba(255,255,255,0.01)&#8221; i_custom_color=&#8221;#c29b73&#8243; css=&#8221;.vc_custom_1623114417227{background-color: #ffffff !important;}&#8221;][\/vc_cta][\/vc_column_inner][vc_column_inner width=&#8221;1\/3&#8243; css=&#8221;.vc_custom_1473044677520{padding-top: 30px !important;padding-right: 30px !important;padding-bottom: 15px !important;background-color: #ffffff !important;}&#8221;][vc_cta h2=&#8221;Este masaje activa el canal linf\u00e1tico o de drenaje para permitir que los l\u00edquidos sean evacuados del cuerpo. Recomendado para personas que retienen l\u00edquidos. (50 minutos)&#8221; h2_font_container=&#8221;font_size:16px|color:%23666666|line_height:30px&#8221; h2_google_fonts=&#8221;font_family:Lato%3A100%2C100italic%2C300%2C300italic%2Cregular%2Citalic%2C700%2C700italic%2C900%2C900italic|font_style:400%20regular%3A400%3Anormal&#8221; h4=&#8221;Masaje Linf\u00e1tico&#8221; h4_font_container=&#8221;font_size:18px|color:%23000000|line_height:20px&#8221; h4_google_fonts=&#8221;font_family:Playfair%20Display%3Aregular%2Citalic%2C700%2C700italic%2C900%2C900italic|font_style:700%20bold%20regular%3A700%3Anormal&#8221; shape=&#8221;square&#8221; style=&#8221;custom&#8221; add_icon=&#8221;left&#8221; i_icon_fontawesome=&#8221;fa fa-check-circle-o&#8221; i_color=&#8221;custom&#8221; use_custom_fonts_h2=&#8221;true&#8221; use_custom_fonts_h4=&#8221;true&#8221; i_on_border=&#8221;true&#8221; custom_background=&#8221;rgba(255,255,255,0.01)&#8221; i_custom_color=&#8221;#c29b73&#8243;][\/vc_cta][\/vc_column_inner][vc_column_inner width=&#8221;1\/3&#8243; css=&#8221;.vc_custom_1473044981634{padding-top: 30px !important;padding-right: 30px !important;padding-bottom: 15px !important;background-color: #ffffff !important;}&#8221;][vc_cta h2=&#8221;Es un masaje energ\u00e9tico en zonas que requieren tratamiento, logra reafirmar la piel reduce el volumen de la grasa localizada y contribuye al aspecto terso de la piel. (50 minutos)&#8221; h2_font_container=&#8221;font_size:16px|color:%23666666|line_height:30px&#8221; h2_google_fonts=&#8221;font_family:Lato%3A100%2C100italic%2C300%2C300italic%2Cregular%2Citalic%2C700%2C700italic%2C900%2C900italic|font_style:400%20regular%3A400%3Anormal&#8221; h4=&#8221;Masaje Reafirmante&#8221; h4_font_container=&#8221;font_size:18px|color:%23000000|line_height:20px&#8221; h4_google_fonts=&#8221;font_family:Playfair%20Display%3Aregular%2Citalic%2C700%2C700italic%2C900%2C900italic|font_style:700%20bold%20regular%3A700%3Anormal&#8221; shape=&#8221;square&#8221; style=&#8221;custom&#8221; add_icon=&#8221;left&#8221; i_icon_fontawesome=&#8221;fa fa-check-circle-o&#8221; i_color=&#8221;custom&#8221; use_custom_fonts_h2=&#8221;true&#8221; use_custom_fonts_h4=&#8221;true&#8221; i_on_border=&#8221;true&#8221; custom_background=&#8221;rgba(255,255,255,0.01)&#8221; i_custom_color=&#8221;#c29b73&#8243;][\/vc_cta][\/vc_column_inner][\/vc_row_inner][vc_column_text]*Todos los servicios de SPA son exclusivos para mayores de edad (18 a\u00f1os).[\/vc_column_text][vc_row_inner][vc_column_inner width=&#8221;1\/3&#8243;][\/vc_column_inner][vc_column_inner width=&#8221;1\/3&#8243;][vc_btn title=&#8221;Servicios \/ Services&#8221; color=&#8221;blue&#8221; align=&#8221;center&#8221; i_icon_fontawesome=&#8221;fas fa-leaf&#8221; add_icon=&#8221;true&#8221; link=&#8221;url:http%3A%2F%2Fsangregoriospa.com%2Fwp-content%2Fuploads%2F2025%2F03%2FMenu-Spa-2025.pdf|target:_blank&#8221;][\/vc_column_inner][vc_column_inner width=&#8221;1\/3&#8243;][\/vc_column_inner][\/vc_row_inner][\/vc_column][\/vc_row][vc_row css=&#8221;.vc_custom_1639597066066{background-image: url(http:\/\/sangregoriospa.com\/wp-content\/uploads\/2021\/12\/Sin-ti\u0301tulo-3_Mesa-de-trabajo-1-1.png?id=11060) !important;background-position: 0 0 !important;background-repeat: no-repeat !important;}&#8221;][vc_column width=&#8221;1\/2&#8243;][vc_empty_space][pbr_title_heading title=&#8221;Faciales&#8221; style=&#8221;style-4&#8243; text_align=&#8221;text-center&#8221;][vc_tta_accordion color=&#8221;white&#8221; active_section=&#8221;1&#8243;][vc_tta_section title=&#8221;Efecto Radiante&#8221; tab_id=&#8221;1639594995889-af11e110-ea8a&#8221;][vc_column_text]<\/p>\n<div class=\"page\" title=\"Page 13\">\n<div class=\"layoutArea\">\n<div class=\"column\">\n<p>Creado para brindar una solucio\u0301n eficaz para la piel, mantenie\u0301ndola radiante y joven. Combina ingredientes activos marinos, naturales y sostenibles para una hidratacio\u0301n profunda que estimular la regeneracio\u0301n celular. Nuestro facial esta\u0301 formulado para combatir signos del envejecimiento, como manchas, arrugas, li\u0301neas finas, y la pe\u0301rdida de firmeza y elasticidad.<\/p>\n<\/div>\n<\/div>\n<\/div>\n<p>[\/vc_column_text][\/vc_tta_section][vc_tta_section title=&#8221;Piel Combinada&#8221; tab_id=&#8221;1639594995918-a2a1a8a3-c9a8&#8243;][vc_column_text]<\/p>\n<div class=\"page\" title=\"Page 13\">\n<div class=\"layoutArea\">\n<div class=\"column\">\n<p>Especialmente disen\u0303ado para pieles mixtas o grasas. Su objetivo es equilibrar la produccio\u0301n de grasa facial y combatir las imperfecciones, logrando una piel suave, limpia y con un aspecto uniforme. Matifica la piel, corrige imperfecciones (reduce y previene puntos negros, granos y espinillas), reduce los poros visibles, hidrata sin obstruir poros ni causar un aumento en la produccio\u0301n de grasa, evita que la piel se vuelva oleosa y le permite a la piel recuperar su brillo natural.<\/p>\n<\/div>\n<\/div>\n<\/div>\n<p>[\/vc_column_text][\/vc_tta_section][vc_tta_section title=&#8221;Hydra4 Sothys Paris&#8221; tab_id=&#8221;1639595090924-19ee4c92-59e7&#8243;][vc_column_text]<\/p>\n<div class=\"page\" title=\"Page 13\">\n<div class=\"layoutArea\">\n<div class=\"column\">\n<p>Es la respuesta para una hidratacio\u0301n absoluta en 6 etapas para calmar la sed, hidratar y rellenar la piel, renovando su juventud.<\/p>\n<p>Este tratamiento intensivo, contiene cuatro activos claves: Extracto de Boletus, A\u0301cido Hialuro\u0301nico de bajo peso molecular, A\u0301cido Hialuro\u0301nico de alto peso molecular en solucio\u0301n y Micro A\u0301cido Hialuro\u0301nico, adema\u0301s para optimizar los tratamientos y la asimilacio\u0301n de los activos asocia te\u0301cnicas de digitopresio\u0301n, esto con el objetivo de compensar y preservar la integridad de la juventud de la piel y el bienestar total.<\/p>\n<\/div>\n<\/div>\n<\/div>\n<p>[\/vc_column_text][\/vc_tta_section][vc_tta_section title=&#8221;Piel sensible o ros\u00e1sea&#8221; tab_id=&#8221;1639595119682-b4a51f20-65ba&#8221;][vc_column_text]<\/p>\n<div class=\"page\" title=\"Page 13\">\n<div class=\"layoutArea\">\n<div class=\"column\">\n<p>Alivio instanta\u0301neo y duradero para pieles sensibles, irritadas o reactivas. Enriquecido con ingredientes activos marinos, cuidadosamente seleccionados por su capacidad para restaurar la armoni\u0301a de la piel y reducir la irritacio\u0301n, este facial incluye desde algas marinas hasta aceites esenciales, trabajando en sinergia para proporcionar una experiencia calmante y revitalizante. Restaura la barrera cuta\u0301nea, proporcionando una hidratacio\u0301n profunda, calma y protege brindan- do una sensacio\u0301n inmediata de alivio y confort.<\/p>\n<\/div>\n<\/div>\n<\/div>\n<p>[\/vc_column_text][\/vc_tta_section][vc_tta_section title=&#8221;Mascarilla Perla Negra&#8221; tab_id=&#8221;1639595148846-213d9dd8-1809&#8243;][vc_column_text]<\/p>\n<div class=\"page\" title=\"Page 14\">\n<div class=\"layoutArea\">\n<div class=\"column\">\n<p>Novedosa Gravity Black Mud de mar muerto contiene ingredientes que se activan directamente al contacto con tu piel, esta enriquecida con vitaminas, aceites y extractos de plantas que revitalizan la piel y ayudan a emparejar la textura; asi\u0301 mismo logra una exfoliacio\u0301n de las ce\u0301lulas muertas dando como resultado un rostro luminoso.<\/p>\n<\/div>\n<\/div>\n<\/div>\n<p>[\/vc_column_text][\/vc_tta_section][vc_tta_section title=&#8221;Mascarilla Fango&#8221; tab_id=&#8221;1740857945461-fad6fbaf-020b&#8221;][vc_column_text]<\/p>\n<div class=\"page\" title=\"Page 14\">\n<div class=\"layoutArea\">\n<div class=\"column\">\n<p>Ideal para el rostro, a base de aguas termales y oligoele- mentos que promueve el metabolismo molecular en la piel, contiene limoncelo, geranio, aceite de menta.<\/p>\n<\/div>\n<\/div>\n<\/div>\n<p>[\/vc_column_text][\/vc_tta_section][vc_tta_section title=&#8221;Mascarilla Barro Mar Muerto&#8221; tab_id=&#8221;1740857966774-74f94189-b2d6&#8243;][vc_column_text]<\/p>\n<div class=\"page\" title=\"Page 14\">\n<div class=\"layoutArea\">\n<div class=\"column\">\n<p>Contine aceite de Arga\u0301n de Marruecos, coco, aguacate, macadamia, jojoba y Vitamina E. Su fo\u0301rmula contiene lodo puro del Mar Muerto, conocido por desintoxicar la piel, deja\u0301ndola ma\u0301s suave, joven y tersa.<\/p>\n<\/div>\n<\/div>\n<\/div>\n<p>[\/vc_column_text][\/vc_tta_section][vc_tta_section title=&#8221;Mascarilla Oro Cleopatra&#8221; tab_id=&#8221;1740857995311-755d9f9c-68ce&#8221;][vc_column_text]<\/p>\n<div class=\"page\" title=\"Page 14\">\n<div class=\"layoutArea\">\n<div class=\"column\">\n<p>Con sus ingredientes de Mar Muerto, polvo de Perla Negra y Oro puro de 24k, ayuda a revitalizar la piel, proveer firmeza, nutricio\u0301n y luminosidad gracias a sus microparticulas de Oro.<\/p>\n<\/div>\n<\/div>\n<\/div>\n<p>[\/vc_column_text][\/vc_tta_section][\/vc_tta_accordion][vc_empty_space height=&#8221;70px&#8221;][\/vc_column][vc_column width=&#8221;1\/2&#8243;][\/vc_column][\/vc_row][vc_row css=&#8221;.vc_custom_1607998703348{background-color: #f8f8f8 !important;}&#8221;][vc_column][vc_empty_space height=&#8221;60px&#8221;][pbr_title_heading title=&#8221;Visita Nuestro Spa&#8221; text_align=&#8221;text-center&#8221;][vc_raw_html]JTNDaWZyYW1lJTIwc3JjJTNEJTIyaHR0cHMlM0ElMkYlMkZzdG9yYWdlLmdvb2dsZWFwaXMuY29tJTJGdmlydHVhbHRvdXJzJTJGc2FuZ3JlZ29yaW8lMkZpbmRleC5odG1sJTIzcGFubzE0NTcyJTJGNDQuNiUyRjAuMCUyRjk5LjAlMjIlMjBzdHlsZSUzRCUyMmJvcmRlciUzQSUyMDAlM0IlMjBwb3NpdGlvbiUzQXJlbGF0aXZlJTNCJTIwdG9wJTNBMCUzQiUyMGxlZnQlM0EwJTNCJTIwcmlnaHQlM0EwJTNCJTIwYm90dG9tJTNBMCUzQiUyMHdpZHRoJTNBMTAwJTI1JTNCJTIwaGVpZ2h0JTNBOTB2aCUyMiUyMGFsbG93ZnVsbHNjcmVlbiUzRSUzQyUyRmlmcmFtZSUzRQ==[\/vc_raw_html][\/vc_column][\/vc_row]<\/p>\n<\/section>","protected":false},"excerpt":{"rendered":"<p>[vc_row css=&#8221;.vc_custom_1465811346158{margin-bottom: 80px !important;}&#8221;][vc_column width=&#8221;1\/6&#8243;][\/vc_column][vc_column width=&#8221;2\/3&#8243;][vc_custom_heading text=&#8221;San Gregorio Hotel &amp; Spa es un lugar de retiro y cuidado personal&#8221; font_container=&#8221;tag:h4|font_size:18px|text_align:center|color:%23040836|line_height:28px&#8221; google_fonts=&#8221;font_family:Playfair%20Display%3Aregular%2Citalic%2C700%2C700italic%2C900%2C900italic|font_style:400%20italic%3A400%3Aitalic&#8221; css=&#8221;.vc_custom_1608172194719{margin-bottom: 20px !important;}&#8221;][vc_column_text] Utilizando t\u00e9cnicas de hidroterapia, masajes y gastronom\u00eda saludable, logramos una atm\u00f3sfera aut\u00e9nticamente relajante que invita a redescubrir la paz interior que se ha relegado con el estr\u00e9s cotidiano. Somos el lugar &hellip; <a href=\"https:\/\/sangregoriospa.com\/index.php\/spa\/\" class=\"more-link\">Continue reading <span class=\"screen-reader-text\">Spa<\/span> <span class=\"meta-nav\">&rarr;<\/span><\/a><\/p>\n","protected":false},"author":1,"featured_media":0,"parent":0,"menu_order":0,"comment_status":"closed","ping_status":"closed","template":"","meta":{"om_disable_all_campaigns":false,"_monsterinsights_skip_tracking":false,"_monsterinsights_sitenote_active":false,"_monsterinsights_sitenote_note":"","_monsterinsights_sitenote_category":0,"footnotes":""},"class_list":["post-10569","page","type-page","status-publish","hentry"],"aioseo_notices":[],"_links":{"self":[{"href":"https:\/\/sangregoriospa.com\/index.php\/wp-json\/wp\/v2\/pages\/10569"}],"collection":[{"href":"https:\/\/sangregoriospa.com\/index.php\/wp-json\/wp\/v2\/pages"}],"about":[{"href":"https:\/\/sangregoriospa.com\/index.php\/wp-json\/wp\/v2\/types\/page"}],"author":[{"embeddable":true,"href":"https:\/\/sangregoriospa.com\/index.php\/wp-json\/wp\/v2\/users\/1"}],"replies":[{"embeddable":true,"href":"https:\/\/sangregoriospa.com\/index.php\/wp-json\/wp\/v2\/comments?post=10569"}],"version-history":[{"count":12,"href":"https:\/\/sangregoriospa.com\/index.php\/wp-json\/wp\/v2\/pages\/10569\/revisions"}],"predecessor-version":[{"id":11578,"href":"https:\/\/sangregoriospa.com\/index.php\/wp-json\/wp\/v2\/pages\/10569\/revisions\/11578"}],"wp:attachment":[{"href":"https:\/\/sangregoriospa.com\/index.php\/wp-json\/wp\/v2\/media?parent=10569"}],"curies":[{"name":"wp","href":"https:\/\/api.w.org\/{rel}","templated":true}]}}