{"id":10802,"date":"2021-02-10T02:12:44","date_gmt":"2021-02-10T02:12:44","guid":{"rendered":"http:\/\/sangregoriospa.com\/?page_id=10802"},"modified":"2023-10-17T20:23:18","modified_gmt":"2023-10-17T20:23:18","slug":"eventos-sociales","status":"publish","type":"page","link":"https:\/\/sangregoriospa.com\/index.php\/eventos-sociales\/","title":{"rendered":"Eventos Sociales"},"content":{"rendered":"<section class=\"wpb-content-wrapper\"><p>[vc_row css=&#8221;.vc_custom_1465811346158{margin-bottom: 80px !important;}&#8221;][vc_column width=&#8221;1\/6&#8243;][\/vc_column][vc_column width=&#8221;2\/3&#8243;][vc_custom_heading text=&#8221;Bodas &amp; Eventos Sociales&#8221; font_container=&#8221;tag:h4|font_size:18px|text_align:center|color:%23040836|line_height:28px&#8221; google_fonts=&#8221;font_family:Playfair%20Display%3Aregular%2Citalic%2C700%2C700italic%2C900%2C900italic|font_style:400%20italic%3A400%3Aitalic&#8221; css=&#8221;.vc_custom_1612924619643{margin-bottom: 20px !important;}&#8221;][vc_column_text]<\/p>\n<p style=\"text-align: justify;\"><span style=\"font-weight: 400;\">San Gregorio es el lugar ideal para hacer de ese d\u00eda tan especial un d\u00eda inolvidable, cuenta con ambientes llenos de\u00a0 naturaleza y hermosos paisajes, a pocos minutos de la ciudad capital, ofreciendo una experiencia \u00fanica a tus invitados, y\u00a0 hacer de tu celebraci\u00f3n lo m\u00e1s importante con nuestra amplia experiencia y excelente servicio.<\/span><\/p>\n<ul style=\"text-align: justify;\">\n<li style=\"text-align: left;\"><span style=\"font-weight: 400;\">Boda Religiosa<\/span><\/li>\n<li style=\"text-align: left;\">Boda Civil<\/li>\n<li style=\"text-align: left;\">XV A\u00f1os<\/li>\n<li style=\"text-align: left;\">Propuestas de Matrimonio<\/li>\n<li style=\"text-align: left;\">Despedida de Soltera<\/li>\n<li style=\"text-align: left;\">Primeras Comuniones<\/li>\n<li style=\"text-align: left;\">Bautizos<\/li>\n<li style=\"text-align: left;\">Aniversarios<\/li>\n<\/ul>\n<p style=\"text-align: justify;\"><span style=\"font-weight: 400;\">En San Gregorio contamos con distintas \u00e1reas interiores y exteriores para la realizaci\u00f3n del evento que deseas.<\/span><\/p>\n<p>[\/vc_column_text][\/vc_column][vc_column width=&#8221;1\/6&#8243;][\/vc_column][\/vc_row][vc_row gap=&#8221;10&#8243; css=&#8221;.vc_custom_1612928997777{padding-top: 80px !important;padding-bottom: 50px !important;background-color: #f8f8f8 !important;}&#8221;][vc_column][vc_row_inner][vc_column_inner][pbr_title_heading title=&#8221;Nuestros Espacios&#8221; style=&#8221;style-5&#8243; text_align=&#8221;text-center&#8221; font_color=&#8221;#bc9d78&#8243; desc_color=&#8221;#bc9d78&#8243;][\/vc_column_inner][\/vc_row_inner][vc_row_inner gap=&#8221;10&#8243; css=&#8221;.vc_custom_1612928956174{margin-bottom: 30px !important;}&#8221;][vc_column_inner width=&#8221;1\/2&#8243; css=&#8221;.vc_custom_1612923240025{padding-top: 30px !important;padding-right: 30px !important;padding-bottom: 15px !important;}&#8221;][pbr_title_heading title=&#8221;Deck o &#8220;Mirador&#8220;&#8221; descript=&#8221;Capacidad m\u00e1xima: 50 personas<br \/>\nMedidas del \u00e1rea: 9 x 9 mts&#8221; style=&#8221;style-2&#8243; text_align=&#8221;text-center&#8221; font_color=&#8221;#0d3179&#8243;][vc_column_text]<\/p>\n<p style=\"text-align: justify;\"><span style=\"font-weight: 400;\">Es el \u00e1rea perfecta para tu celebraci\u00f3n, rodeados de hermosos paisajes con vistas al lago de Amatitl\u00e1n y volc\u00e1n de agua, utilizadas para ceremonias, propuestas de matrimonio, sesiones fotogr\u00e1ficas y otros.\u00a0<\/span><\/p>\n<p>[\/vc_column_text][vc_gallery interval=&#8221;3&#8243; images=&#8221;11201,11202,11204,11205,11210&#8243; img_size=&#8221;medium&#8221;][\/vc_column_inner][vc_column_inner width=&#8221;1\/2&#8243; css=&#8221;.vc_custom_1612923381591{padding-top: 30px !important;padding-right: 30px !important;padding-bottom: 15px !important;}&#8221;][pbr_title_heading title=&#8221;Terrazas&#8221; descript=&#8221;Capacidad m\u00e1xima: 80 personas<br \/>\nCantidad: 3 Terrazas&#8221; style=&#8221;style-2&#8243; text_align=&#8221;text-center&#8221; font_color=&#8221;#0d3179&#8243;][vc_column_text]<\/p>\n<p style=\"text-align: justify;\"><span style=\"font-weight: 400;\">Nuestras Terrazas son \u00e1reas al aire libre y est\u00e1n rodeados de un ambiente natural con hermosas vistas y paisajes, cuenta con una capacidad m\u00e1xima de 80 personas, el lugar perfecto para tu celebraci\u00f3n.<\/span><\/p>\n<p>[\/vc_column_text][vc_gallery interval=&#8221;3&#8243; images=&#8221;11210,11209&#8243; img_size=&#8221;medium&#8221;][\/vc_column_inner][\/vc_row_inner][vc_row_inner gap=&#8221;10&#8243; css=&#8221;.vc_custom_1612928956174{margin-bottom: 30px !important;}&#8221;][vc_column_inner width=&#8221;1\/2&#8243; css=&#8221;.vc_custom_1612923240025{padding-top: 30px !important;padding-right: 30px !important;padding-bottom: 15px !important;}&#8221;][vc_empty_space][pbr_title_heading title=&#8221;Terraza SG 3&#8243; descript=&#8221;Capacidad m\u00e1xima: 30 personas<br \/>\nMedidas del \u00e1rea: 8 x 5 mts&#8221; style=&#8221;style-2&#8243; text_align=&#8221;text-center&#8221; font_color=&#8221;#0d3179&#8243;][vc_column_text]<\/p>\n<p style=\"text-align: justify;\"><span style=\"font-weight: 400;\">Nuestra Terraza San Gregorio cuenta con una capacidad m\u00e1xima para 30 personas ideal para eventos, como despedidas de soltera, bautizos, cumplea\u00f1os y otros. Es un ambiente natural al aire libre con vista a nuestros jardines.<\/span><\/p>\n<p>[\/vc_column_text][vc_gallery interval=&#8221;3&#8243; images=&#8221;11211&#8243; img_size=&#8221;medium&#8221;][\/vc_column_inner][vc_column_inner width=&#8221;1\/2&#8243; css=&#8221;.vc_custom_1612923381591{padding-top: 30px !important;padding-right: 30px !important;padding-bottom: 15px !important;}&#8221;][vc_empty_space][pbr_title_heading title=&#8221;Centro Convenciones&#8221; descript=&#8221;Capacidad m\u00e1xima: 230 personas<br \/>\nMedidas del \u00e1rea: 22 X 13 mts&#8221; style=&#8221;style-2&#8243; text_align=&#8221;text-center&#8221; font_color=&#8221;#0d3179&#8243;][vc_column_text]<\/p>\n<p style=\"text-align: justify;\">Capacidad de 230 persona, 100 en el interior y 130 en el exterior incluyendo p\u00e9rgola y jardines. Es un ambiente rodeado de naturaleza, relajaci\u00f3n y privacidad, donde podr\u00e1s disfrutar de nuestros exquisitos alimentos y un excelente servicio.<\/p>\n<p>[\/vc_column_text][vc_gallery interval=&#8221;3&#8243; images=&#8221;10845,10847,10846,11208,11207&#8243; img_size=&#8221;medium&#8221;][\/vc_column_inner][\/vc_row_inner][vc_row_inner gap=&#8221;10&#8243; css=&#8221;.vc_custom_1612928956174{margin-bottom: 30px !important;}&#8221;][vc_column_inner width=&#8221;1\/2&#8243; css=&#8221;.vc_custom_1612923240025{padding-top: 30px !important;padding-right: 30px !important;padding-bottom: 15px !important;}&#8221;][vc_empty_space][pbr_title_heading title=&#8221;P\u00e9rgola CC&#8221; descript=&#8221;Capacidad m\u00e1xima: 60 personas<br \/>\nMedidas del \u00e1rea: 22 x 4 mts&#8221; style=&#8221;style-2&#8243; text_align=&#8221;text-center&#8221; font_color=&#8221;#0d3179&#8243;][vc_column_text]<\/p>\n<p style=\"text-align: justify;\"><span style=\"font-weight: 400;\">Nuestra\u00a0 p\u00e9rgola es un espacio ideal para hacer tu evento al aire libre, est\u00e1 rodeada de jardines y naturaleza en un ambiente privado y \u00fanico.<\/span><\/p>\n<p>[\/vc_column_text][vc_gallery interval=&#8221;3&#8243; images=&#8221;10849,10848&#8243; img_size=&#8221;medium&#8221;][\/vc_column_inner][vc_column_inner width=&#8221;1\/2&#8243; css=&#8221;.vc_custom_1612923381591{padding-top: 30px !important;padding-right: 30px !important;padding-bottom: 15px !important;}&#8221;][vc_empty_space][pbr_title_heading title=&#8221;Vinoteca&#8221; descript=&#8221;Capacidad m\u00e1xima: 10 personas<br \/>\nMedidas del \u00e1rea: 4 x 5 mts&#8221; style=&#8221;style-2&#8243; text_align=&#8221;text-center&#8221; font_color=&#8221;#0d3179&#8243;][vc_column_text]<\/p>\n<p style=\"text-align: justify;\"><span style=\"font-weight: 400;\">Nuestra Vinoteca es un \u00e1rea privada ideal para cenas rom\u00e1nticas, propuestas de matrimonio, aniversarios\u00a0 y otros. <\/span><\/p>\n<p>[\/vc_column_text][vc_gallery interval=&#8221;3&#8243; images=&#8221;11077,11078&#8243; img_size=&#8221;medium&#8221;][\/vc_column_inner][\/vc_row_inner][\/vc_column][\/vc_row][vc_row][vc_column][vc_empty_space height=&#8221;60px&#8221;][\/vc_column][\/vc_row][vc_row][vc_column][pbr_title_heading title=&#8221;Visita Nuestro Hotel&#8221; text_align=&#8221;text-center&#8221;][vc_raw_html]JTNDaWZyYW1lJTIwc3JjJTNEJTIyaHR0cHMlM0ElMkYlMkZzdG9yYWdlLmdvb2dsZWFwaXMuY29tJTJGdmlydHVhbHRvdXJzJTJGc2FuZ3JlZ29yaW8lMkZpbmRleC5odG1sJTIzcGFubzExNDQ5MCUyRjI3LjIlMkYwLjAlMkY5OS4wJTIyJTIwc3R5bGUlM0QlMjJib3JkZXIlM0ElMjAwJTNCJTIwcG9zaXRpb24lM0FyZWxhdGl2ZSUzQiUyMHRvcCUzQTAlM0IlMjBsZWZ0JTNBMCUzQiUyMHJpZ2h0JTNBMCUzQiUyMGJvdHRvbSUzQS02MCUzQiUyMHdpZHRoJTNBMTAwJTI1JTNCJTIwaGVpZ2h0JTNBOTB2aCUyMiUyMGFsbG93ZnVsbHNjcmVlbiUzRSUzQyUyRmlmcmFtZSUzRQ==[\/vc_raw_html][\/vc_column][\/vc_row]<\/p>\n<\/section>","protected":false},"excerpt":{"rendered":"<p>[vc_row css=&#8221;.vc_custom_1465811346158{margin-bottom: 80px !important;}&#8221;][vc_column width=&#8221;1\/6&#8243;][\/vc_column][vc_column width=&#8221;2\/3&#8243;][vc_custom_heading text=&#8221;Bodas &amp; Eventos Sociales&#8221; font_container=&#8221;tag:h4|font_size:18px|text_align:center|color:%23040836|line_height:28px&#8221; google_fonts=&#8221;font_family:Playfair%20Display%3Aregular%2Citalic%2C700%2C700italic%2C900%2C900italic|font_style:400%20italic%3A400%3Aitalic&#8221; css=&#8221;.vc_custom_1612924619643{margin-bottom: 20px !important;}&#8221;][vc_column_text] San Gregorio es el lugar ideal para hacer de ese d\u00eda tan especial un d\u00eda inolvidable, cuenta con ambientes llenos de\u00a0 naturaleza y hermosos paisajes, a pocos minutos de la ciudad capital, ofreciendo una experiencia \u00fanica a tus invitados, y\u00a0 &hellip; <a href=\"https:\/\/sangregoriospa.com\/index.php\/eventos-sociales\/\" class=\"more-link\">Continue reading <span class=\"screen-reader-text\">Eventos Sociales<\/span> <span class=\"meta-nav\">&rarr;<\/span><\/a><\/p>\n","protected":false},"author":1,"featured_media":0,"parent":0,"menu_order":0,"comment_status":"closed","ping_status":"closed","template":"","meta":{"om_disable_all_campaigns":false,"_monsterinsights_skip_tracking":false,"_monsterinsights_sitenote_active":false,"_monsterinsights_sitenote_note":"","_monsterinsights_sitenote_category":0,"footnotes":""},"class_list":["post-10802","page","type-page","status-publish","hentry"],"aioseo_notices":[],"_links":{"self":[{"href":"https:\/\/sangregoriospa.com\/index.php\/wp-json\/wp\/v2\/pages\/10802"}],"collection":[{"href":"https:\/\/sangregoriospa.com\/index.php\/wp-json\/wp\/v2\/pages"}],"about":[{"href":"https:\/\/sangregoriospa.com\/index.php\/wp-json\/wp\/v2\/types\/page"}],"author":[{"embeddable":true,"href":"https:\/\/sangregoriospa.com\/index.php\/wp-json\/wp\/v2\/users\/1"}],"replies":[{"embeddable":true,"href":"https:\/\/sangregoriospa.com\/index.php\/wp-json\/wp\/v2\/comments?post=10802"}],"version-history":[{"count":7,"href":"https:\/\/sangregoriospa.com\/index.php\/wp-json\/wp\/v2\/pages\/10802\/revisions"}],"predecessor-version":[{"id":11338,"href":"https:\/\/sangregoriospa.com\/index.php\/wp-json\/wp\/v2\/pages\/10802\/revisions\/11338"}],"wp:attachment":[{"href":"https:\/\/sangregoriospa.com\/index.php\/wp-json\/wp\/v2\/media?parent=10802"}],"curies":[{"name":"wp","href":"https:\/\/api.w.org\/{rel}","templated":true}]}}