{"id":10837,"date":"2021-02-10T03:56:05","date_gmt":"2021-02-10T03:56:05","guid":{"rendered":"http:\/\/sangregoriospa.com\/?page_id=10837"},"modified":"2021-02-11T03:23:33","modified_gmt":"2021-02-11T03:23:33","slug":"eventos-corporativos","status":"publish","type":"page","link":"https:\/\/sangregoriospa.com\/index.php\/eventos-corporativos\/","title":{"rendered":"Eventos Corporativos"},"content":{"rendered":"<section class=\"wpb-content-wrapper\"><p>[vc_row css=&#8221;.vc_custom_1465811346158{margin-bottom: 80px !important;}&#8221;][vc_column width=&#8221;1\/6&#8243;][\/vc_column][vc_column width=&#8221;2\/3&#8243;][vc_custom_heading text=&#8221;Eventos Corporativos &#038; Reuniones&#8221; font_container=&#8221;tag:h4|font_size:18px|text_align:center|color:%23040836|line_height:28px&#8221; google_fonts=&#8221;font_family:Playfair%20Display%3Aregular%2Citalic%2C700%2C700italic%2C900%2C900italic|font_style:400%20italic%3A400%3Aitalic&#8221; css=&#8221;.vc_custom_1612929451230{margin-bottom: 20px !important;}&#8221;][vc_column_text]<\/p>\n<p style=\"text-align: justify;\"><span style=\"font-weight: 400;\">En San Gregorio es el destino ideal para celebrar cualquier tipo de evento, en un ambiente rodeado de naturaleza y hermosos paisajes a pocos minutos de la ciudad capital de Guatemala, ofreciendo una experiencia &uacute;nica a tus invitados en un lugar paz y tranquilidad, con exquisita comida y excelente servicio.<\/span><\/p>\n<p style=\"text-align: justify;\"><span style=\"font-weight: 400;\">Conferencias, <\/span><span style=\"font-weight: 400;\">Seminarios, <\/span><span style=\"font-weight: 400;\">Foros, <\/span><span style=\"font-weight: 400;\">Workshops o Talleres, <\/span><span style=\"font-weight: 400;\">Lanzamiento de Productos y Marcas, <\/span><span style=\"font-weight: 400;\">Congresos, <\/span><span style=\"font-weight: 400;\">Reuni&oacute;n de Ejecutivos y Directores , <\/span><span style=\"font-weight: 400;\">Convenciones, <\/span><span style=\"font-weight: 400;\">Cursos y <\/span><span style=\"font-weight: 400;\">Otros.<\/span><\/p>\n<p>[\/vc_column_text][\/vc_column][vc_column width=&#8221;1\/6&#8243;][\/vc_column][\/vc_row][vc_row gap=&#8221;10&#8243; css=&#8221;.vc_custom_1612928997777{padding-top: 80px !important;padding-bottom: 50px !important;background-color: #f8f8f8 !important;}&#8221;][vc_column][vc_row_inner][vc_column_inner][pbr_title_heading title=&#8221;Nuestros Espacios&#8221; style=&#8221;style-5&#8243; text_align=&#8221;text-center&#8221; font_color=&#8221;#bc9d78&#8243; desc_color=&#8221;#bc9d78&#8243;][\/vc_column_inner][\/vc_row_inner][vc_row_inner gap=&#8221;10&#8243; css=&#8221;.vc_custom_1612928956174{margin-bottom: 30px !important;}&#8221;][vc_column_inner width=&#8221;1\/2&#8243; css=&#8221;.vc_custom_1612923240025{padding-top: 30px !important;padding-right: 30px !important;padding-bottom: 15px !important;}&#8221;][pbr_title_heading title=&#8221;Deck o &#8220;Mirador&#8220;&#8221; descript=&#8221;Capacidad m\u00e1xima: 50 personas<br \/>\nMedidas del \u00e1rea: 9 x 9 mts&#8221; style=&#8221;style-2&#8243; text_align=&#8221;text-center&#8221; font_color=&#8221;#0d3179&#8243;][vc_column_text]<\/p>\n<p style=\"text-align: justify;\"><span style=\"font-weight: 400;\">Un \u00e1rea rodeado de maravillosos paisajes con vista al lago de Amatitl\u00e1n y volc\u00e1n de Agua, en el cual se puede dar a conocer las marcas de tu empresa impuls\u00e1ndolas con actividades especiales, entrevistas y sesiones fotogr\u00e1ficas.<\/span><\/p>\n<p>[\/vc_column_text][vc_gallery interval=&#8221;3&#8243; images=&#8221;10843,10856&#8243; img_size=&#8221;medium&#8221;][\/vc_column_inner][vc_column_inner width=&#8221;1\/2&#8243; css=&#8221;.vc_custom_1612923381591{padding-top: 30px !important;padding-right: 30px !important;padding-bottom: 15px !important;}&#8221;][pbr_title_heading title=&#8221;Centro Convenciones&#8221; descript=&#8221;Capacidad m\u00e1xima: 100 personas<br \/>\nMedidas del \u00e1rea: 22 X 13 mts&#8221; style=&#8221;style-2&#8243; text_align=&#8221;text-center&#8221; font_color=&#8221;#0d3179&#8243;][vc_column_text]<\/p>\n<p style=\"text-align: justify;\"><span style=\"font-weight: 400;\">Es el lugar ideal para celebrar conferencias, seminarios, foros, talleres y otros. Cuenta con una amplia p\u00e9rgola y jardines a su alrededor rodeado de naturaleza en un ambiente de relajaci\u00f3n y privacidad.<\/span><\/p>\n<p>[\/vc_column_text][vc_gallery interval=&#8221;3&#8243; images=&#8221;10847,10845,10846&#8243; img_size=&#8221;medium&#8221;][\/vc_column_inner][\/vc_row_inner][vc_row_inner gap=&#8221;10&#8243; css=&#8221;.vc_custom_1612928956174{margin-bottom: 30px !important;}&#8221;][vc_column_inner width=&#8221;1\/2&#8243; css=&#8221;.vc_custom_1612923240025{padding-top: 30px !important;padding-right: 30px !important;padding-bottom: 15px !important;}&#8221;][vc_empty_space][pbr_title_heading title=&#8221;P\u00e9rgola y Jard\u00edn CC&#8221; descript=&#8221;Capacidad m\u00e1xima: 60 personas<br \/>\n\u00c1reas: 2 integradas&#8221; style=&#8221;style-2&#8243; text_align=&#8221;text-center&#8221; font_color=&#8221;#0d3179&#8243;][vc_column_text]<\/p>\n<p style=\"text-align: justify;\"><span style=\"font-weight: 400;\">Nuestros Jardines cuentan con espacios amplios y al aire libre ideal para actividades en grupo y talleres. <\/span><span style=\"font-weight: 400;\">Nuestra p&eacute;rgola es ideal para hacer eventos al aire libre y cuenta con una capacidad m&aacute;xima de 60 personas, rodeada de jardines y naturaleza.<\/span><\/p>\n<p>[\/vc_column_text][vc_gallery interval=&#8221;3&#8243; images=&#8221;10849,10848&#8243; img_size=&#8221;medium&#8221;][\/vc_column_inner][vc_column_inner width=&#8221;1\/2&#8243; css=&#8221;.vc_custom_1612923381591{padding-top: 30px !important;padding-right: 30px !important;padding-bottom: 15px !important;}&#8221;][vc_empty_space][pbr_title_heading title=&#8221;Vinoteca&#8221; descript=&#8221;Capacidad m\u00e1xima: 10 personas<br \/>\nMedidas del \u00e1rea: 4 x 5 mts&#8221; style=&#8221;style-2&#8243; text_align=&#8221;text-center&#8221; font_color=&#8221;#0d3179&#8243;][vc_column_text]<\/p>\n<p style=\"text-align: justify;\"><span style=\"font-weight: 400;\">Es un \u00e1rea privada con una capacidad m\u00e1xima para 10 personas, siti\u00f3 perfecto para peque\u00f1as reuniones de trabajo, reuniones de ejecutivos o centro de negocios, adicionalmente tiene acceso al \u00e1rea de terraza donde podr\u00e1s disfrutar de nuestros alimentos con una hermosa vista a nuestros jardines.\u00a0<\/span><\/p>\n<p>[\/vc_column_text][vc_gallery interval=&#8221;3&#8243; images=&#8221;10851&#8243; img_size=&#8221;medium&#8221;][\/vc_column_inner][\/vc_row_inner][\/vc_column][\/vc_row][vc_row][vc_column][vc_empty_space height=&#8221;60px&#8221;][\/vc_column][\/vc_row][vc_row][vc_column][pbr_title_heading title=&#8221;Visita Nuestro Hotel&#8221; text_align=&#8221;text-center&#8221;][vc_raw_html]JTNDaWZyYW1lJTIwc3JjJTNEJTIyaHR0cHMlM0ElMkYlMkZzdG9yYWdlLmdvb2dsZWFwaXMuY29tJTJGdmlydHVhbHRvdXJzJTJGc2FuZ3JlZ29yaW8lMkZpbmRleC5odG1sJTIzcGFubzExNDQ5MCUyRjI3LjIlMkYwLjAlMkY5OS4wJTIyJTIwc3R5bGUlM0QlMjJib3JkZXIlM0ElMjAwJTNCJTIwcG9zaXRpb24lM0FyZWxhdGl2ZSUzQiUyMHRvcCUzQTAlM0IlMjBsZWZ0JTNBMCUzQiUyMHJpZ2h0JTNBMCUzQiUyMGJvdHRvbSUzQS02MCUzQiUyMHdpZHRoJTNBMTAwJTI1JTNCJTIwaGVpZ2h0JTNBOTB2aCUyMiUyMGFsbG93ZnVsbHNjcmVlbiUzRSUzQyUyRmlmcmFtZSUzRQ==[\/vc_raw_html][\/vc_column][\/vc_row]<\/p>\n<\/section>","protected":false},"excerpt":{"rendered":"<p>[vc_row css=&#8221;.vc_custom_1465811346158{margin-bottom: 80px !important;}&#8221;][vc_column width=&#8221;1\/6&#8243;][\/vc_column][vc_column width=&#8221;2\/3&#8243;][vc_custom_heading text=&#8221;Eventos Corporativos &#038; Reuniones&#8221; font_container=&#8221;tag:h4|font_size:18px|text_align:center|color:%23040836|line_height:28px&#8221; google_fonts=&#8221;font_family:Playfair%20Display%3Aregular%2Citalic%2C700%2C700italic%2C900%2C900italic|font_style:400%20italic%3A400%3Aitalic&#8221; css=&#8221;.vc_custom_1612929451230{margin-bottom: 20px !important;}&#8221;][vc_column_text] En San Gregorio es el destino ideal para celebrar cualquier tipo de evento, en un ambiente rodeado de naturaleza y hermosos paisajes a pocos minutos de la ciudad capital de Guatemala, ofreciendo una experiencia &uacute;nica a tus invitados en un &hellip; <a href=\"https:\/\/sangregoriospa.com\/index.php\/eventos-corporativos\/\" class=\"more-link\">Continue reading <span class=\"screen-reader-text\">Eventos Corporativos<\/span> <span class=\"meta-nav\">&rarr;<\/span><\/a><\/p>\n","protected":false},"author":1,"featured_media":0,"parent":0,"menu_order":0,"comment_status":"closed","ping_status":"closed","template":"","meta":{"om_disable_all_campaigns":false,"_monsterinsights_skip_tracking":false,"_monsterinsights_sitenote_active":false,"_monsterinsights_sitenote_note":"","_monsterinsights_sitenote_category":0,"footnotes":""},"class_list":["post-10837","page","type-page","status-publish","hentry"],"aioseo_notices":[],"_links":{"self":[{"href":"https:\/\/sangregoriospa.com\/index.php\/wp-json\/wp\/v2\/pages\/10837"}],"collection":[{"href":"https:\/\/sangregoriospa.com\/index.php\/wp-json\/wp\/v2\/pages"}],"about":[{"href":"https:\/\/sangregoriospa.com\/index.php\/wp-json\/wp\/v2\/types\/page"}],"author":[{"embeddable":true,"href":"https:\/\/sangregoriospa.com\/index.php\/wp-json\/wp\/v2\/users\/1"}],"replies":[{"embeddable":true,"href":"https:\/\/sangregoriospa.com\/index.php\/wp-json\/wp\/v2\/comments?post=10837"}],"version-history":[{"count":5,"href":"https:\/\/sangregoriospa.com\/index.php\/wp-json\/wp\/v2\/pages\/10837\/revisions"}],"predecessor-version":[{"id":10861,"href":"https:\/\/sangregoriospa.com\/index.php\/wp-json\/wp\/v2\/pages\/10837\/revisions\/10861"}],"wp:attachment":[{"href":"https:\/\/sangregoriospa.com\/index.php\/wp-json\/wp\/v2\/media?parent=10837"}],"curies":[{"name":"wp","href":"https:\/\/api.w.org\/{rel}","templated":true}]}}