{"id":11139,"date":"2022-10-05T03:21:16","date_gmt":"2022-10-05T03:21:16","guid":{"rendered":"http:\/\/sangregoriospa.com\/?page_id=11139"},"modified":"2022-10-12T16:17:43","modified_gmt":"2022-10-12T16:17:43","slug":"mision-vision-y-valores","status":"publish","type":"page","link":"https:\/\/sangregoriospa.com\/index.php\/mision-vision-y-valores\/","title":{"rendered":"Misi\u00f3n, Visi\u00f3n y Valores"},"content":{"rendered":"<section class=\"wpb-content-wrapper\"><p>[vc_row][vc_column][vc_column_text]<\/p>\n<h2 style=\"text-align: center;\">MISI\u00d3N<\/h2>\n<p style=\"text-align: justify;\">Brindar servicios de hospedaje, alimentaci\u00f3n, organizaci\u00f3n de eventos y spa en un ambiente exclusivo, pacifico, c\u00e1lido y de naturaleza, cumpliendo con altos est\u00e1ndares de calidad a nivel nacional e internacional.<\/p>\n<p>&nbsp;<\/p>\n<h2 style=\"text-align: center;\">VISI\u00d3N<\/h2>\n<p style=\"text-align: justify;\">Ser una empresa l\u00edder y reconocida en el \u00e1mbito local e internacional por la prestaci\u00f3n de servicios tur\u00edsticos en forma responsable en cuanto al medio ambiente, nuestra sociedad y nuestra cultura.<\/p>\n<p>&nbsp;<\/p>\n<h2 style=\"text-align: center;\">VALORES<\/h2>\n<p style=\"text-align: justify;\">1. Hacer cada una de nuestras actividades con <strong>RESPONSABILIDAD<\/strong>.<br \/>\n2. Ser <strong>HONESTOS<\/strong> en la informaci\u00f3n proporcionada a nuestros clientes y<br \/>\ncolaboradores.<br \/>\n3. Tener <strong>RESPETO<\/strong> con cada una de las personas con las que interactuamos.<br \/>\n4. Estar <strong>CONSCIENTES<\/strong>\u00a0de los impactos negativos que podemos causar en el medio ambiente.<br \/>\n5. Brindar <strong>EXCELENCIA<\/strong> en todos los servicios que ofrecemos.<\/p>\n<p>&nbsp;<\/p>\n<p class=\"p1\" style=\"text-align: center;\"><i>En San Gregorio Hotel Spa NOS OPONEMOS a la prostituci\u00f3n en general y la prostituci\u00f3n y abuso de menores de edad.<\/i><\/p>\n<p>[\/vc_column_text][\/vc_column][\/vc_row][vc_row][vc_column][vc_empty_space][\/vc_column][\/vc_row]<\/p>\n<\/section>","protected":false},"excerpt":{"rendered":"<p>[vc_row][vc_column][vc_column_text] MISI\u00d3N Brindar servicios de hospedaje, alimentaci\u00f3n, organizaci\u00f3n de eventos y spa en un ambiente exclusivo, pacifico, c\u00e1lido y de naturaleza, cumpliendo con altos est\u00e1ndares de calidad a nivel nacional e internacional. &nbsp; VISI\u00d3N Ser una empresa l\u00edder y reconocida en el \u00e1mbito local e internacional por la prestaci\u00f3n de servicios tur\u00edsticos en forma responsable &hellip; <a href=\"https:\/\/sangregoriospa.com\/index.php\/mision-vision-y-valores\/\" class=\"more-link\">Continue reading <span class=\"screen-reader-text\">Misi\u00f3n, Visi\u00f3n y Valores<\/span> <span class=\"meta-nav\">&rarr;<\/span><\/a><\/p>\n","protected":false},"author":1,"featured_media":0,"parent":0,"menu_order":0,"comment_status":"closed","ping_status":"closed","template":"","meta":{"om_disable_all_campaigns":false,"_monsterinsights_skip_tracking":false,"_monsterinsights_sitenote_active":false,"_monsterinsights_sitenote_note":"","_monsterinsights_sitenote_category":0,"footnotes":""},"class_list":["post-11139","page","type-page","status-publish","hentry"],"aioseo_notices":[],"_links":{"self":[{"href":"https:\/\/sangregoriospa.com\/index.php\/wp-json\/wp\/v2\/pages\/11139"}],"collection":[{"href":"https:\/\/sangregoriospa.com\/index.php\/wp-json\/wp\/v2\/pages"}],"about":[{"href":"https:\/\/sangregoriospa.com\/index.php\/wp-json\/wp\/v2\/types\/page"}],"author":[{"embeddable":true,"href":"https:\/\/sangregoriospa.com\/index.php\/wp-json\/wp\/v2\/users\/1"}],"replies":[{"embeddable":true,"href":"https:\/\/sangregoriospa.com\/index.php\/wp-json\/wp\/v2\/comments?post=11139"}],"version-history":[{"count":4,"href":"https:\/\/sangregoriospa.com\/index.php\/wp-json\/wp\/v2\/pages\/11139\/revisions"}],"predecessor-version":[{"id":11153,"href":"https:\/\/sangregoriospa.com\/index.php\/wp-json\/wp\/v2\/pages\/11139\/revisions\/11153"}],"wp:attachment":[{"href":"https:\/\/sangregoriospa.com\/index.php\/wp-json\/wp\/v2\/media?parent=11139"}],"curies":[{"name":"wp","href":"https:\/\/api.w.org\/{rel}","templated":true}]}}