{"id":8982,"date":"2016-05-30T06:54:17","date_gmt":"2016-05-30T06:54:17","guid":{"rendered":"http:\/\/localhost\/paradise\/opal-hotel-term-condition\/"},"modified":"2022-06-29T16:17:30","modified_gmt":"2022-06-29T16:17:30","slug":"certificado-regalo","status":"publish","type":"page","link":"https:\/\/sangregoriospa.com\/index.php\/certificado-regalo\/","title":{"rendered":"Certificados de Regalo"},"content":{"rendered":"<section class=\"wpb-content-wrapper\"><p>[vc_row][vc_column][vc_column_text]1. Usted escoge el (o los) servicios que desea regalar pudiendo ser servicios de restaurante, spa, hospedaje o por el monto determinado que usted quiera otorgar. Los precios actualizados y detalles de todos nuestros servicios est\u00e1n disponibles en este sitio seleccionando el \u00e1rea de su inter\u00e9s.<span class=\"Apple-converted-space\">\u00a0<\/span><\/p>\n<p class=\"p1\" style=\"text-align: justify;\"><strong>2. Realiza el pago correspondiente:<span class=\"Apple-converted-space\">\u00a0<\/span><\/strong><\/p>\n<p class=\"p1\" style=\"text-align: justify;\">Lo puede hacer por medio de deposito bancario:<br \/>\nBANCO INDUSTRIAL Quetzales en la cuenta monetaria No. 006-008449-1 a nombre de Servicios Tur\u00edsticos Valle, S.A.<span class=\"Apple-converted-space\">\u00a0<\/span><\/p>\n<ul>\n<li class=\"p1\" style=\"text-align: justify;\">BANCO INDUSTRIAL D\u00f3lares en la cuenta monetaria No. 006007823-8 a nombre de Servicios Tur\u00edsticos Valle, S.A.<\/li>\n<li class=\"p1\" style=\"text-align: justify;\">BAC CREDOMATIC en la cuenta monetaria No. 90-057262-9 a nombre de Servicios Tur\u00edsticos Valle, S.A.<\/li>\n<li class=\"p1\" style=\"text-align: justify;\">BANRURAL en la cuenta monetaria No. 3267039715 a nombre de Servicios Tur\u00edsticos Valle, S.A.<\/li>\n<\/ul>\n<p class=\"p1\" style=\"text-align: justify;\">Si desea hacer su pago en forma electr\u00f3nica, ponemos a su disposici\u00f3n 2 formas.<span class=\"Apple-converted-space\">\u00a0<\/span><\/p>\n<ul class=\"ul1\" style=\"text-align: justify;\">\n<li class=\"li1\">Por medio de un VISA Link.<\/li>\n<li class=\"li1\">Realizando su compra con tarjeta de cr\u00e9dito utilizando la pagina del proveedor de certificado de regalo.<span class=\"Apple-converted-space\">\u00a0<\/span><\/li>\n<\/ul>\n<p class=\"p1\" style=\"text-align: justify;\"><strong>3. Al tener la confirmaci\u00f3n del pago se le estar\u00e1 enviado su certificado electr\u00f3nico v\u00eda correo electr\u00f3nico.<\/strong><\/p>\n<p>El env\u00edo del certificado estar\u00e1 siendo completado en un periodo de 24 a 48 horas.<\/p>\n<p class=\"p1\" style=\"text-align: justify;\"><em>IMPORTANTE<\/em>: Si usted requiere el certificado para un d\u00eda espec\u00edfico, le agradeceremos hacer su solicitud con suficiente tiempo de anticipaci\u00f3n (contemplando el tiempo de env\u00edo de 2 d\u00edas), debido a que los pagos tienen un proceso de operaci\u00f3n y verificaci\u00f3n por parte de las instituciones financieras. Para San Gregorio Hotel &amp; Spa es imposible verificarlo y enviar el certificado en forma inmediata, hasta no tener la confirmaci\u00f3n bancaria.<span class=\"Apple-converted-space\">\u00a0<\/span><\/p>\n<p class=\"p1\" style=\"text-align: justify;\">Si usted requiere las certificado de regalo fisicamente las puede recoger directamente en la recepci\u00f3n del hotel.<\/p>\n<p class=\"p1\" style=\"text-align: justify;\"><strong>4. El certificado tendr\u00e1 validez de 3 meses luego de la fecha de emisi\u00f3n.<\/strong><\/p>\n<p>[\/vc_column_text][\/vc_column][\/vc_row]<\/p>\n<\/section>","protected":false},"excerpt":{"rendered":"<p>[vc_row][vc_column][vc_column_text]1. Usted escoge el (o los) servicios que desea regalar pudiendo ser servicios de restaurante, spa, hospedaje o por el monto determinado que usted quiera otorgar. Los precios actualizados y detalles de todos nuestros servicios est\u00e1n disponibles en este sitio seleccionando el \u00e1rea de su inter\u00e9s.\u00a0 2. Realiza el pago correspondiente:\u00a0 Lo puede hacer por &hellip; <a href=\"https:\/\/sangregoriospa.com\/index.php\/certificado-regalo\/\" class=\"more-link\">Continue reading <span class=\"screen-reader-text\">Certificados de Regalo<\/span> <span class=\"meta-nav\">&rarr;<\/span><\/a><\/p>\n","protected":false},"author":1,"featured_media":0,"parent":0,"menu_order":0,"comment_status":"closed","ping_status":"closed","template":"","meta":{"om_disable_all_campaigns":false,"_monsterinsights_skip_tracking":false,"_monsterinsights_sitenote_active":false,"_monsterinsights_sitenote_note":"","_monsterinsights_sitenote_category":0,"footnotes":""},"class_list":["post-8982","page","type-page","status-publish","hentry"],"aioseo_notices":[],"_links":{"self":[{"href":"https:\/\/sangregoriospa.com\/index.php\/wp-json\/wp\/v2\/pages\/8982"}],"collection":[{"href":"https:\/\/sangregoriospa.com\/index.php\/wp-json\/wp\/v2\/pages"}],"about":[{"href":"https:\/\/sangregoriospa.com\/index.php\/wp-json\/wp\/v2\/types\/page"}],"author":[{"embeddable":true,"href":"https:\/\/sangregoriospa.com\/index.php\/wp-json\/wp\/v2\/users\/1"}],"replies":[{"embeddable":true,"href":"https:\/\/sangregoriospa.com\/index.php\/wp-json\/wp\/v2\/comments?post=8982"}],"version-history":[{"count":5,"href":"https:\/\/sangregoriospa.com\/index.php\/wp-json\/wp\/v2\/pages\/8982\/revisions"}],"predecessor-version":[{"id":11093,"href":"https:\/\/sangregoriospa.com\/index.php\/wp-json\/wp\/v2\/pages\/8982\/revisions\/11093"}],"wp:attachment":[{"href":"https:\/\/sangregoriospa.com\/index.php\/wp-json\/wp\/v2\/media?parent=8982"}],"curies":[{"name":"wp","href":"https:\/\/api.w.org\/{rel}","templated":true}]}}