{"id":9368,"date":"2016-06-13T09:24:58","date_gmt":"2016-06-13T09:24:58","guid":{"rendered":"http:\/\/localhost\/paradise\/?page_id=9368"},"modified":"2025-05-06T04:12:53","modified_gmt":"2025-05-06T04:12:53","slug":"restaurante","status":"publish","type":"page","link":"https:\/\/sangregoriospa.com\/index.php\/restaurante\/","title":{"rendered":"Restaurante"},"content":{"rendered":"<section class=\"wpb-content-wrapper\"><p>[vc_row full_width=&#8221;stretch_row&#8221; css=&#8221;.vc_custom_1666128750908{padding-top: 80px !important;padding-bottom: 100px !important;background-position: 0 0 !important;background-repeat: no-repeat !important;}&#8221;][vc_column width=&#8221;1\/3&#8243; css=&#8221;.vc_custom_1473047363799{padding-top: 40px !important;padding-right: 40px !important;}&#8221;][vc_custom_heading text=&#8221;San Gregorio Hotel &amp; Spa ofrece el set perfecto para momentos de romance, aventura y emociones&#8221; font_container=&#8221;tag:h5|font_size:18px|text_align:center|color:%23040836|line_height:28px&#8221; google_fonts=&#8221;font_family:Playfair%20Display%3Aregular%2Citalic%2C700%2C700italic%2C900%2C900italic|font_style:400%20italic%3A400%3Aitalic&#8221; css=&#8221;.vc_custom_1623114801908{margin-bottom: 20px !important;background-color: #ffffff !important;}&#8221;][vc_column_text css=&#8221;.vc_custom_1623114762682{background-color: #ffffff !important;}&#8221;]<\/p>\n<p style=\"text-align: center;\">Nuestra saz\u00f3n \u00fanica y la amplia diversidad de la gastronom\u00eda Internacional nos caracterizan, garantizamos el uso de ingredientes frescos de primera calidad. Nuestra variedad de platillos, acompa\u00f1ados de una amplia selecci\u00f3n de bebidas pueden ser disfrutadas en nuestro Restaurante con vista \u00fanica o bien, si desea degustar algo m\u00e1s liviano, puede deleitarse en el spa con nuestro Juice Bar, o la Vinoteca para esas ocasiones especiales.<\/p>\n<p>[\/vc_column_text][vc_btn title=&#8221;Nuestro Men\u00fa&#8221; align=&#8221;center&#8221; i_icon_fontawesome=&#8221;&#8221; add_icon=&#8221;true&#8221; link=&#8221;url:http%3A%2F%2Fsangregoriospa.com%2Fwp-content%2Fuploads%2F2025%2F05%2FMenuSG2025.pdf|target:_blank&#8221;][vc_btn title=&#8221;Our Menu&#8221; align=&#8221;center&#8221; i_icon_fontawesome=&#8221;&#8221; add_icon=&#8221;true&#8221; link=&#8221;url:http%3A%2F%2Fsangregoriospa.com%2Fwp-content%2Fuploads%2F2025%2F05%2FMenuSG2025.pdf|target:_blank&#8221;][\/vc_column][vc_column width=&#8221;2\/3&#8243;][vc_empty_space][vc_gallery interval=&#8221;3&#8243; images=&#8221;11603,11177,11030,11178,11179,11180&#8243; img_size=&#8221;medium&#8221;][\/vc_column][\/vc_row][vc_row][vc_column][vc_empty_space height=&#8221;50px&#8221;][\/vc_column][\/vc_row][vc_row css=&#8221;.vc_custom_1465811319397{margin-bottom: 30px !important;}&#8221;][vc_column width=&#8221;1\/4&#8243;][vc_single_image image=&#8221;11608&#8243; img_size=&#8221;full&#8221; onclick=&#8221;link_image&#8221;][\/vc_column][vc_column width=&#8221;1\/4&#8243;][vc_single_image image=&#8221;11610&#8243; img_size=&#8221;full&#8221; onclick=&#8221;link_image&#8221;][\/vc_column][vc_column width=&#8221;1\/4&#8243;][vc_single_image image=&#8221;11198&#8243; img_size=&#8221;full&#8221; onclick=&#8221;link_image&#8221;][\/vc_column][vc_column width=&#8221;1\/4&#8243;][vc_single_image image=&#8221;11199&#8243; img_size=&#8221;full&#8221; onclick=&#8221;link_image&#8221;][\/vc_column][\/vc_row][vc_row css=&#8221;.vc_custom_1465811580878{margin-bottom: 100px !important;}&#8221;][vc_column width=&#8221;1\/4&#8243;][vc_single_image image=&#8221;11609&#8243; img_size=&#8221;full&#8221; onclick=&#8221;link_image&#8221;][\/vc_column][vc_column width=&#8221;1\/4&#8243;][vc_single_image image=&#8221;11195&#8243; img_size=&#8221;full&#8221; onclick=&#8221;link_image&#8221;][\/vc_column][vc_column width=&#8221;1\/4&#8243;][vc_single_image image=&#8221;11193&#8243; img_size=&#8221;full&#8221; onclick=&#8221;link_image&#8221;][\/vc_column][vc_column width=&#8221;1\/4&#8243;][vc_single_image image=&#8221;11192&#8243; img_size=&#8221;full&#8221; onclick=&#8221;link_image&#8221;][\/vc_column][\/vc_row][vc_row css=&#8221;.vc_custom_1607998183189{padding-top: 80px !important;padding-bottom: 50px !important;background-color: #f8f8f8 !important;}&#8221;][vc_column][vc_row_inner][vc_column_inner][pbr_title_heading title=&#8221;Dele\u00edtese con Nosotros&#8221; text_align=&#8221;text-center&#8221;][\/vc_column_inner][\/vc_row_inner][\/vc_column][\/vc_row][vc_row css=&#8221;.vc_custom_1607998191483{background-color: #f8f8f8 !important;}&#8221;][vc_column width=&#8221;1\/4&#8243;][vc_cta h2=&#8221;Ingredientes que gozan de la mejor calidad y frescuras para satisfacer exigentes paladares.&#8221; h2_font_container=&#8221;font_size:16px|color:%23666666|line_height:30px&#8221; h2_google_fonts=&#8221;font_family:Lato%3A100%2C100italic%2C300%2C300italic%2Cregular%2Citalic%2C700%2C700italic%2C900%2C900italic|font_style:400%20regular%3A400%3Anormal&#8221; h4=&#8221;Ensaladas&#8221; h4_font_container=&#8221;font_size:18px|color:%23000000|line_height:20px&#8221; h4_google_fonts=&#8221;font_family:Playfair%20Display%3Aregular%2Citalic%2C700%2C700italic%2C900%2C900italic|font_style:700%20bold%20regular%3A700%3Anormal&#8221; shape=&#8221;square&#8221; style=&#8221;custom&#8221; add_icon=&#8221;left&#8221; i_icon_fontawesome=&#8221;fa fa-check-circle-o&#8221; i_color=&#8221;custom&#8221; use_custom_fonts_h2=&#8221;true&#8221; use_custom_fonts_h4=&#8221;true&#8221; i_on_border=&#8221;true&#8221; custom_background=&#8221;rgba(255,255,255,0.01)&#8221; i_custom_color=&#8221;#c29b73&#8243;][\/vc_cta][\/vc_column][vc_column width=&#8221;1\/4&#8243;][vc_cta h2=&#8221;Exclusiva selecci\u00f3n de platos cocinados a la perfecci\u00f3n, vastos y de finos sabores para la experiencia culinaria que t\u00fa mereces.&#8221; h2_font_container=&#8221;font_size:16px|color:%23666666|line_height:30px&#8221; h2_google_fonts=&#8221;font_family:Lato%3A100%2C100italic%2C300%2C300italic%2Cregular%2Citalic%2C700%2C700italic%2C900%2C900italic|font_style:400%20regular%3A400%3Anormal&#8221; h4=&#8221;Platos Fuertes&#8221; h4_font_container=&#8221;font_size:18px|color:%23000000|line_height:20px&#8221; h4_google_fonts=&#8221;font_family:Playfair%20Display%3Aregular%2Citalic%2C700%2C700italic%2C900%2C900italic|font_style:700%20bold%20regular%3A700%3Anormal&#8221; shape=&#8221;square&#8221; style=&#8221;custom&#8221; add_icon=&#8221;left&#8221; i_icon_fontawesome=&#8221;fa fa-check-circle-o&#8221; i_color=&#8221;custom&#8221; use_custom_fonts_h2=&#8221;true&#8221; use_custom_fonts_h4=&#8221;true&#8221; i_on_border=&#8221;true&#8221; custom_background=&#8221;rgba(255,255,255,0.01)&#8221; i_custom_color=&#8221;#c29b73&#8243;][\/vc_cta][vc_empty_space height=&#8221;24px&#8221;][\/vc_column][vc_column width=&#8221;1\/4&#8243;][vc_cta h2=&#8221;Contamos con amplias promociones, platos especiales y paquetes para hacer inolvidable t\u00fa visita.&#8221; h2_font_container=&#8221;font_size:16px|color:%23666666|line_height:30px&#8221; h2_google_fonts=&#8221;font_family:Lato%3A100%2C100italic%2C300%2C300italic%2Cregular%2Citalic%2C700%2C700italic%2C900%2C900italic|font_style:400%20regular%3A400%3Anormal&#8221; h4=&#8221;Especiales&#8221; h4_font_container=&#8221;font_size:18px|color:%23000000|line_height:20px&#8221; h4_google_fonts=&#8221;font_family:Playfair%20Display%3Aregular%2Citalic%2C700%2C700italic%2C900%2C900italic|font_style:700%20bold%20regular%3A700%3Anormal&#8221; shape=&#8221;square&#8221; style=&#8221;custom&#8221; add_icon=&#8221;left&#8221; i_icon_fontawesome=&#8221;fa fa-check-circle-o&#8221; i_color=&#8221;custom&#8221; use_custom_fonts_h2=&#8221;true&#8221; use_custom_fonts_h4=&#8221;true&#8221; i_on_border=&#8221;true&#8221; custom_background=&#8221;rgba(255,255,255,0.01)&#8221; i_custom_color=&#8221;#c29b73&#8243;][\/vc_cta][\/vc_column][vc_column width=&#8221;1\/4&#8243;][vc_cta h2=&#8221;Nuestra amplia carta de bebidas y postres con amplios sabores, dise\u00f1adas especialmente para complacer en tu visita.&#8221; h2_font_container=&#8221;font_size:16px|color:%23666666|line_height:30px&#8221; h2_google_fonts=&#8221;font_family:Lato%3A100%2C100italic%2C300%2C300italic%2Cregular%2Citalic%2C700%2C700italic%2C900%2C900italic|font_style:400%20regular%3A400%3Anormal&#8221; h4=&#8221;Postres y Bebidas&#8221; h4_font_container=&#8221;font_size:18px|color:%23000000|line_height:20px&#8221; h4_google_fonts=&#8221;font_family:Playfair%20Display%3Aregular%2Citalic%2C700%2C700italic%2C900%2C900italic|font_style:700%20bold%20regular%3A700%3Anormal&#8221; shape=&#8221;square&#8221; style=&#8221;custom&#8221; add_icon=&#8221;left&#8221; i_icon_fontawesome=&#8221;fa fa-check-circle-o&#8221; i_color=&#8221;custom&#8221; use_custom_fonts_h2=&#8221;true&#8221; use_custom_fonts_h4=&#8221;true&#8221; i_on_border=&#8221;true&#8221; custom_background=&#8221;rgba(255,255,255,0.01)&#8221; i_custom_color=&#8221;#c29b73&#8243;][\/vc_cta][\/vc_column][\/vc_row][vc_row][vc_column][vc_empty_space height=&#8221;70px&#8221;][pbr_title_heading title=&#8221;Visita Nuestro Restaurante&#8221; text_align=&#8221;text-center&#8221;][vc_raw_html]JTNDaWZyYW1lJTIwc3JjJTNEJTIyaHR0cHMlM0ElMkYlMkZzdG9yYWdlLmdvb2dsZWFwaXMuY29tJTJGdmlydHVhbHRvdXJzJTJGc2FuZ3JlZ29yaW8lMkZpbmRleC5odG1sJTIzcGFubzE0ODQ4JTJGLTEzOC40JTJGMC4xJTJGOTkuMCUyMiUyMHN0eWxlJTNEJTIyYm9yZGVyJTNBJTIwMCUzQiUyMHBvc2l0aW9uJTNBcmVsYXRpdmUlM0IlMjB0b3AlM0EwJTNCJTIwbGVmdCUzQTAlM0IlMjByaWdodCUzQTAlM0IlMjBib3R0b20lM0EtNjAlM0IlMjB3aWR0aCUzQTEwMCUyNSUzQiUyMGhlaWdodCUzQTkwdmglMjIlMjBhbGxvd2Z1bGxzY3JlZW4lM0UlM0MlMkZpZnJhbWUlM0U=[\/vc_raw_html][\/vc_column][\/vc_row][vc_row][vc_column][vc_column_text]<\/p>\n<p style=\"text-align: center;\"><strong>\u00a1Te esperamos de Martes a Domingo!<\/strong><br \/>\nMartes a Jueves &#8211; 8am a 8pm\u00a0 \/\u00a0 Viernes y S\u00e1bado &#8211; 7am a 8pm\u00a0 \/\u00a0 Domingo &#8211; 7am a 6pm[\/vc_column_text][\/vc_column][\/vc_row]<\/p>\n<\/section>","protected":false},"excerpt":{"rendered":"<p>[vc_row full_width=&#8221;stretch_row&#8221; css=&#8221;.vc_custom_1666128750908{padding-top: 80px !important;padding-bottom: 100px !important;background-position: 0 0 !important;background-repeat: no-repeat !important;}&#8221;][vc_column width=&#8221;1\/3&#8243; css=&#8221;.vc_custom_1473047363799{padding-top: 40px !important;padding-right: 40px !important;}&#8221;][vc_custom_heading text=&#8221;San Gregorio Hotel &amp; Spa ofrece el set perfecto para momentos de romance, aventura y emociones&#8221; font_container=&#8221;tag:h5|font_size:18px|text_align:center|color:%23040836|line_height:28px&#8221; google_fonts=&#8221;font_family:Playfair%20Display%3Aregular%2Citalic%2C700%2C700italic%2C900%2C900italic|font_style:400%20italic%3A400%3Aitalic&#8221; css=&#8221;.vc_custom_1623114801908{margin-bottom: 20px !important;background-color: #ffffff !important;}&#8221;][vc_column_text css=&#8221;.vc_custom_1623114762682{background-color: #ffffff !important;}&#8221;] Nuestra saz\u00f3n \u00fanica y la amplia diversidad de la gastronom\u00eda Internacional &hellip; <a href=\"https:\/\/sangregoriospa.com\/index.php\/restaurante\/\" class=\"more-link\">Continue reading <span class=\"screen-reader-text\">Restaurante<\/span> <span class=\"meta-nav\">&rarr;<\/span><\/a><\/p>\n","protected":false},"author":1,"featured_media":0,"parent":0,"menu_order":0,"comment_status":"closed","ping_status":"closed","template":"","meta":{"om_disable_all_campaigns":false,"_monsterinsights_skip_tracking":false,"_monsterinsights_sitenote_active":false,"_monsterinsights_sitenote_note":"","_monsterinsights_sitenote_category":0,"footnotes":""},"class_list":["post-9368","page","type-page","status-publish","hentry"],"aioseo_notices":[],"_links":{"self":[{"href":"https:\/\/sangregoriospa.com\/index.php\/wp-json\/wp\/v2\/pages\/9368"}],"collection":[{"href":"https:\/\/sangregoriospa.com\/index.php\/wp-json\/wp\/v2\/pages"}],"about":[{"href":"https:\/\/sangregoriospa.com\/index.php\/wp-json\/wp\/v2\/types\/page"}],"author":[{"embeddable":true,"href":"https:\/\/sangregoriospa.com\/index.php\/wp-json\/wp\/v2\/users\/1"}],"replies":[{"embeddable":true,"href":"https:\/\/sangregoriospa.com\/index.php\/wp-json\/wp\/v2\/comments?post=9368"}],"version-history":[{"count":13,"href":"https:\/\/sangregoriospa.com\/index.php\/wp-json\/wp\/v2\/pages\/9368\/revisions"}],"predecessor-version":[{"id":11611,"href":"https:\/\/sangregoriospa.com\/index.php\/wp-json\/wp\/v2\/pages\/9368\/revisions\/11611"}],"wp:attachment":[{"href":"https:\/\/sangregoriospa.com\/index.php\/wp-json\/wp\/v2\/media?parent=9368"}],"curies":[{"name":"wp","href":"https:\/\/api.w.org\/{rel}","templated":true}]}}